{"id":28741,"date":"2023-09-29T09:49:49","date_gmt":"2023-09-29T15:49:49","guid":{"rendered":"https:\/\/record360.com\/request-a-demo\/"},"modified":"2025-11-25T08:33:19","modified_gmt":"2025-11-25T14:33:19","slug":"request-a-demo","status":"publish","type":"page","link":"https:\/\/record360.com\/de\/request-a-demo\/","title":{"rendered":"Request a Demo"},"content":{"rendered":"\t\t<div data-elementor-type=\"wp-page\" data-elementor-id=\"28741\" class=\"elementor elementor-28741 elementor-12971\" data-elementor-post-type=\"page\">\n\t\t\t\t\t\t<section class=\"elementor-section elementor-top-section elementor-element elementor-element-b180a70 elementor-section-full_width demo_main elementor-section-height-full elementor-section-height-default elementor-section-items-middle\" data-id=\"b180a70\" data-element_type=\"section\" data-e-type=\"section\" data-settings=\"{&quot;background_background&quot;:&quot;video&quot;,&quot;background_video_link&quot;:&quot;https:\\\/\\\/record360.com\\\/wp-content\\\/uploads\\\/2023\\\/09\\\/demo_bg.mp4&quot;,&quot;background_play_on_mobile&quot;:&quot;yes&quot;,&quot;background_play_once&quot;:&quot;yes&quot;}\">\n\t\t\t\t\t\t\t\t<div class=\"elementor-background-video-container\">\n\t\t\t\t\t\t\t\t\t\t\t\t\t<video class=\"elementor-background-video-hosted\" role=\"presentation\" autoplay muted playsinline><\/video>\n\t\t\t\t\t\t\t\t\t\t\t<\/div>\n\t\t\t\t\t\t\t\t\t<div class=\"elementor-background-overlay\"><\/div>\n\t\t\t\t\t\t\t<div class=\"elementor-container elementor-column-gap-no\">\n\t\t\t\t\t<div class=\"elementor-column elementor-col-100 elementor-top-column elementor-element elementor-element-b30035f get_demo_form\" data-id=\"b30035f\" data-element_type=\"column\" data-e-type=\"column\" data-settings=\"{&quot;background_background&quot;:&quot;classic&quot;}\">\n\t\t\t<div class=\"elementor-widget-wrap elementor-element-populated\">\n\t\t\t\t\t\t<div class=\"elementor-element elementor-element-dc438fd get_text elementor-widget elementor-widget-heading\" data-id=\"dc438fd\" data-element_type=\"widget\" data-e-type=\"widget\" data-widget_type=\"heading.default\">\n\t\t\t\t<div class=\"elementor-widget-container\">\n\t\t\t\t\t<h1 class=\"elementor-heading-title elementor-size-default\">Demo anfordern<\/h1>\t\t\t\t<\/div>\n\t\t\t\t<\/div>\n\t\t\t\t<div class=\"elementor-element elementor-element-c64619b elementor-widget elementor-widget-r360-wpform-contact\" data-id=\"c64619b\" data-element_type=\"widget\" data-e-type=\"widget\" data-widget_type=\"r360-wpform-contact.default\">\n\t\t\t\t<div class=\"elementor-widget-container\">\n\t\t\t\t\t\t\t<div class=\"wpform-contact\">\r\n\t\t\t<div class=\"wpforms-container wpforms-render-modern\" id=\"wpforms-29710\"><form id=\"wpforms-form-29710\" class=\"wpforms-validate wpforms-form\" data-formid=\"29710\" method=\"post\" enctype=\"multipart\/form-data\" action=\"\/de\/wp-json\/wp\/v2\/pages\/28741\" data-token=\"22db1efe4f2d3dc9a703a484bfb0c7a3\" data-token-time=\"1777461622\"><noscript class=\"wpforms-error-noscript\">Please enable JavaScript in your browser to complete this form.<\/noscript><div id=\"wpforms-error-noscript\" style=\"display: none;\">Please enable JavaScript in your browser to complete this form.<\/div><div class=\"wpforms-field-container\"><div id=\"wpforms-29710-field_1-container\" class=\"wpforms-field wpforms-field-layout\" data-field-id=\"1\"><div class=\"wpforms-field-layout-rows wpforms-field-large\"><div class=\"wpforms-layout-row\"><div class=\"wpforms-layout-column wpforms-layout-column-50\"><div id=\"wpforms-29710-field_2-container\" class=\"wpforms-field wpforms-field-text\" data-field-id=\"2\"><label class=\"wpforms-field-label\" for=\"wpforms-29710-field_2\">First name <span class=\"wpforms-required-label\" aria-hidden=\"true\">*<\/span><\/label><input type=\"text\" id=\"wpforms-29710-field_2\" class=\"wpforms-field-medium wpforms-field-required\" name=\"wpforms[fields][2]\" aria-errormessage=\"wpforms-29710-field_2-error\" required><\/div><\/div><div class=\"wpforms-layout-column wpforms-layout-column-50\"><div id=\"wpforms-29710-field_3-container\" class=\"wpforms-field wpforms-field-text\" data-field-id=\"3\"><label class=\"wpforms-field-label\" for=\"wpforms-29710-field_3\">Last name <span class=\"wpforms-required-label\" aria-hidden=\"true\">*<\/span><\/label><input type=\"text\" id=\"wpforms-29710-field_3\" class=\"wpforms-field-medium wpforms-field-required\" name=\"wpforms[fields][3]\" aria-errormessage=\"wpforms-29710-field_3-error\" required><\/div><\/div><\/div><div class=\"wpforms-layout-row\"><div class=\"wpforms-layout-column wpforms-layout-column-50\"><div id=\"wpforms-29710-field_13-container\" class=\"wpforms-field wpforms-field-email\" data-field-id=\"13\"><label class=\"wpforms-field-label\" for=\"wpforms-29710-field_13\">Business email <span class=\"wpforms-required-label\" aria-hidden=\"true\">*<\/span><\/label><input type=\"email\" id=\"wpforms-29710-field_13\" class=\"wpforms-field-medium wpforms-field-required\" name=\"wpforms[fields][13]\" spellcheck=\"false\" aria-errormessage=\"wpforms-29710-field_13-error\" required><\/div><\/div><div class=\"wpforms-layout-column wpforms-layout-column-50\"><div id=\"wpforms-29710-field_5-container\" class=\"wpforms-field wpforms-field-text\" data-field-id=\"5\"><label class=\"wpforms-field-label\" for=\"wpforms-29710-field_5\">Company name <span class=\"wpforms-required-label\" aria-hidden=\"true\">*<\/span><\/label><input type=\"text\" id=\"wpforms-29710-field_5\" class=\"wpforms-field-medium wpforms-field-required\" name=\"wpforms[fields][5]\" aria-errormessage=\"wpforms-29710-field_5-error\" required><\/div><\/div><\/div><div class=\"wpforms-layout-row\"><div class=\"wpforms-layout-column wpforms-layout-column-50\"><div id=\"wpforms-29710-field_6-container\" class=\"wpforms-field wpforms-field-select wpforms-field-select-style-classic\" data-field-id=\"6\"><label class=\"wpforms-field-label\" for=\"wpforms-29710-field_6\">Your industry <span class=\"wpforms-required-label\" aria-hidden=\"true\">*<\/span><\/label><select id=\"wpforms-29710-field_6\" class=\"wpforms-field-medium wpforms-field-required\" name=\"wpforms[fields][6]\" required=\"required\"><option value=\"\" class=\"placeholder\" disabled  selected='selected'>\u200e \u200e \u200e \u200e \u200e \u200e \u200e <\/option><option value=\"Auto\"  class=\"choice-1 depth-1\"  >Auto<\/option><option value=\"Heavy Equipment\"  class=\"choice-2 depth-1\"  >Heavy Equipment<\/option><option value=\"Truck &amp; Trailer\"  class=\"choice-3 depth-1\"  >Truck &amp; Trailer<\/option><option value=\"RV\"  class=\"choice-5 depth-1\"  >RV<\/option><option value=\"Freight\/Transport\"  class=\"choice-6 depth-1\"  >Freight\/Transport<\/option><option value=\"Manufacturing\"  class=\"choice-7 depth-1\"  >Manufacturing<\/option><option value=\"Material Handling\"  class=\"choice-8 depth-1\"  >Material Handling<\/option><option value=\"Property Mgmt\"  class=\"choice-9 depth-1\"  >Property Mgmt<\/option><option value=\"Sharing Economy\"  class=\"choice-10 depth-1\"  >Sharing Economy<\/option><option value=\"Other\"  class=\"choice-11 depth-1\"  >Other<\/option><\/select><\/div><\/div><div class=\"wpforms-layout-column wpforms-layout-column-50\"><div id=\"wpforms-29710-field_7-container\" class=\"wpforms-field wpforms-field-text\" data-field-id=\"7\"><label class=\"wpforms-field-label\" for=\"wpforms-29710-field_7\">Phone number <span class=\"wpforms-required-label\" aria-hidden=\"true\">*<\/span><\/label><input type=\"text\" id=\"wpforms-29710-field_7\" class=\"wpforms-field-medium wpforms-field-required\" name=\"wpforms[fields][7]\" aria-errormessage=\"wpforms-29710-field_7-error\" required><\/div><\/div><\/div><div class=\"wpforms-layout-row\"><div class=\"wpforms-layout-column wpforms-layout-column-50\"><div id=\"wpforms-29710-field_14-container\" class=\"wpforms-field wpforms-field-select wpforms-field-select-style-classic\" data-field-id=\"14\"><label class=\"wpforms-field-label\" for=\"wpforms-29710-field_14\">Your Region <span class=\"wpforms-required-label\" aria-hidden=\"true\">*<\/span><\/label><select id=\"wpforms-29710-field_14\" class=\"wpforms-field-medium wpforms-field-required\" name=\"wpforms[fields][14]\" required=\"required\"><option value=\"North America\"  class=\"choice-1 depth-1\"  >North America<\/option><option value=\"South America\"  class=\"choice-2 depth-1\"  >South America<\/option><option value=\"Europe\"  class=\"choice-3 depth-1\"  >Europe<\/option><option value=\"Australia &amp; New Zealand\"  class=\"choice-4 depth-1\"  >Australia &amp; New Zealand<\/option><\/select><\/div><\/div><div class=\"wpforms-layout-column wpforms-layout-column-50\"><\/div><\/div><\/div><\/div><div id=\"wpforms-29710-field_22-container\" class=\"wpforms-field wpforms-field-checkbox demo-sms\" data-field-id=\"22\"><fieldset><legend class=\"wpforms-field-label wpforms-label-hide\" aria-hidden=\"false\">Checkboxes<\/legend><ul id=\"wpforms-29710-field_22\"><li class=\"choice-1 depth-1 wpforms-selected\"><input type=\"checkbox\" id=\"wpforms-29710-field_22_1\" name=\"wpforms[fields][22][]\" value=\"Yes, I\u2019d like SMS updates from Record360 about my demo and related reminders.\" aria-errormessage=\"wpforms-29710-field_22_1-error\"   checked='checked'><label class=\"wpforms-field-label-inline\" for=\"wpforms-29710-field_22_1\">Yes, I\u2019d like SMS updates from Record360 about my demo and related reminders.<\/label><\/li><\/ul><\/fieldset><\/div><div id=\"wpforms-29710-field_8-container\" class=\"wpforms-field wpforms-field-hidden utm_source\" data-field-id=\"8\"><input type=\"hidden\" id=\"wpforms-29710-field_8\" name=\"wpforms[fields][8]\"><\/div><div id=\"wpforms-29710-field_9-container\" class=\"wpforms-field wpforms-field-hidden utm_medium\" data-field-id=\"9\"><input type=\"hidden\" id=\"wpforms-29710-field_9\" name=\"wpforms[fields][9]\"><\/div><div id=\"wpforms-29710-field_10-container\" class=\"wpforms-field wpforms-field-hidden utm_campaign\" data-field-id=\"10\"><input type=\"hidden\" id=\"wpforms-29710-field_10\" name=\"wpforms[fields][10]\"><\/div><div id=\"wpforms-29710-field_11-container\" class=\"wpforms-field wpforms-field-hidden utm_term\" data-field-id=\"11\"><input type=\"hidden\" id=\"wpforms-29710-field_11\" name=\"wpforms[fields][11]\"><\/div><div id=\"wpforms-29710-field_12-container\" class=\"wpforms-field wpforms-field-hidden utm_content\" data-field-id=\"12\"><input type=\"hidden\" id=\"wpforms-29710-field_12\" name=\"wpforms[fields][12]\"><\/div><div id=\"wpforms-29710-field_15-container\" class=\"wpforms-field wpforms-field-hidden utm_keyword\" data-field-id=\"15\"><input type=\"hidden\" id=\"wpforms-29710-field_15\" name=\"wpforms[fields][15]\"><\/div><div id=\"wpforms-29710-field_16-container\" class=\"wpforms-field wpforms-field-hidden utm_gadid\" data-field-id=\"16\"><input type=\"hidden\" id=\"wpforms-29710-field_16\" name=\"wpforms[fields][16]\"><\/div><div id=\"wpforms-29710-field_17-container\" class=\"wpforms-field wpforms-field-hidden gclid\" data-field-id=\"17\"><input type=\"hidden\" id=\"wpforms-29710-field_17\" name=\"wpforms[fields][17]\"><\/div><div id=\"wpforms-29710-field_18-container\" class=\"wpforms-field wpforms-field-hidden fbc\" data-field-id=\"18\"><input type=\"hidden\" id=\"wpforms-29710-field_18\" name=\"wpforms[fields][18]\"><\/div><div id=\"wpforms-29710-field_19-container\" class=\"wpforms-field wpforms-field-hidden fbp\" data-field-id=\"19\"><input type=\"hidden\" id=\"wpforms-29710-field_19\" name=\"wpforms[fields][19]\"><\/div>\t\t<div id=\"wpforms-29710-field_4-container\"\n\t\t\tclass=\"wpforms-field wpforms-field-text\"\n\t\t\tdata-field-type=\"text\"\n\t\t\tdata-field-id=\"4\"\n\t\t\t>\n\t\t\t<label class=\"wpforms-field-label\" for=\"wpforms-29710-field_4\" >CRO2 Your Layout<\/label>\n\t\t\t<input type=\"text\" id=\"wpforms-29710-field_4\" class=\"wpforms-field-medium\" name=\"wpforms[fields][4]\" >\n\t\t<\/div>\n\t\t<div id=\"wpforms-29710-field_20-container\" class=\"wpforms-field wpforms-field-hidden msclkid\" data-field-id=\"20\"><input type=\"hidden\" id=\"wpforms-29710-field_20\" name=\"wpforms[fields][20]\"><\/div><div id=\"wpforms-29710-field_23-container\" class=\"wpforms-field wpforms-field-hidden\" data-field-id=\"23\"><input type=\"hidden\" id=\"wpforms-29710-field_23\" name=\"wpforms[fields][23]\"><\/div><div id=\"wpforms-29710-field_24-container\" class=\"wpforms-field wpforms-field-hidden\" data-field-id=\"24\"><input type=\"hidden\" id=\"wpforms-29710-field_24\" name=\"wpforms[fields][24]\"><\/div><div id=\"wpforms-29710-field_25-container\" class=\"wpforms-field wpforms-field-hidden\" data-field-id=\"25\"><input type=\"hidden\" id=\"wpforms-29710-field_25\" name=\"wpforms[fields][25]\" value=\"https:\/\/record360.com\/de\/wp-json\/wp\/v2\/pages\/28741\"><\/div><div id=\"wpforms-29710-field_26-container\" class=\"wpforms-field wpforms-field-hidden\" data-field-id=\"26\"><input type=\"hidden\" id=\"wpforms-29710-field_26\" name=\"wpforms[fields][26]\"><\/div><script>\n\t\t\t\t( function() {\n\t\t\t\t\tconst style = document.createElement( 'style' );\n\t\t\t\t\tstyle.appendChild( document.createTextNode( '#wpforms-29710-field_4-container { position: absolute !important; overflow: hidden !important; display: inline !important; height: 1px !important; width: 1px !important; z-index: -1000 !important; padding: 0 !important; } #wpforms-29710-field_4-container input { visibility: hidden; } #wpforms-conversational-form-page #wpforms-29710-field_4-container label { counter-increment: none; }' ) );\n\t\t\t\t\tdocument.head.appendChild( style );\n\t\t\t\t\tdocument.currentScript?.remove();\n\t\t\t\t} )();\n\t\t\t<\/script><\/div><!-- .wpforms-field-container --><div class=\"wpforms-submit-container\" ><input type=\"hidden\" name=\"wpforms[id]\" value=\"29710\"><input type=\"hidden\" name=\"page_title\" value=\"\"><input type=\"hidden\" name=\"page_url\" value=\"https:\/\/record360.com\/de\/wp-json\/wp\/v2\/pages\/28741\"><input type=\"hidden\" name=\"url_referer\" value=\"\"><button type=\"submit\" name=\"wpforms[submit]\" id=\"wpforms-submit-29710\" class=\"wpforms-submit\" data-alt-text=\"Sending...\" data-submit-text=\"SUBMIT\" aria-live=\"assertive\" value=\"wpforms-submit\">SUBMIT<\/button><\/div><\/form><\/div>  <!-- .wpforms-container -->\n\t\t<\/div>\r\n\t\t\t\t\t\t<\/div>\n\t\t\t\t<\/div>\n\t\t\t\t<div class=\"elementor-element elementor-element-c4245fa form_footer_text elementor-widget elementor-widget-text-editor\" data-id=\"c4245fa\" data-element_type=\"widget\" data-e-type=\"widget\" data-widget_type=\"text-editor.default\">\n\t\t\t\t<div class=\"elementor-widget-container\">\n\t\t\t\t\t\t\t\t\t<p>Wir behandeln deine Kontaktdaten gem\u00e4\u00df unserer <a href=\"https:\/\/wordpress-1141629-4495721.cloudwaysapps.com\/privacy\/\">Datenschutzrichtlinie<\/a> und <a href=\"https:\/\/wordpress-1141629-4495721.cloudwaysapps.com\/terms\/\">unseren Nutzungsbedingungen<\/a>. Wenn du keine Marketing-E-Mails von Outreach erhalten m\u00f6chtest, kannst du dich hier von allen <a href=\"https:\/\/learn.record360.com\/email-preferences\">Marketing-Mitteilungen<\/a> abmelden oder deine Einstellungen anpassen.<\/p>\n\t\t\t\t\t\t\t\t<\/div>\n\t\t\t\t<\/div>\n\t\t\t\t\t<\/div>\n\t\t<\/div>\n\t\t\t\t\t<\/div>\n\t\t<\/section>\n\t\t\t\t<\/div>\n\t\t","protected":false},"excerpt":{"rendered":"<p>Demo anfordern Demo anfordern Wir behandeln deine Kontaktdaten gem\u00e4\u00df unserer Datenschutzrichtlinie und unseren Nutzungsbedingungen. Wenn du keine Marketing-E-Mails von Outreach erhalten m\u00f6chtest, kannst du dich hier von allen Marketing-Mitteilungen abmelden oder deine Einstellungen anpassen. Wir behandeln deine Kontaktdaten gem\u00e4\u00df unserer Datenschutzrichtlinie und unseren Nutzungsbedingungen. Wenn du keine Marketing-E-Mails von Outreach erhalten m\u00f6chtest, kannst du dich [&hellip;]<\/p>\n","protected":false},"author":21,"featured_media":0,"parent":0,"menu_order":0,"comment_status":"closed","ping_status":"closed","template":"elementor_canvas","meta":{"_acf_changed":false,"_genesis_hide_title":false,"_genesis_hide_breadcrumbs":false,"_genesis_hide_singular_image":false,"_genesis_custom_body_class":"","_genesis_custom_post_class":"","_genesis_layout":"","footnotes":""},"class_list":{"0":"post-28741","1":"page","2":"type-page","3":"status-publish","5":"entry"},"acf":[],"aioseo_notices":[],"_links":{"self":[{"href":"https:\/\/record360.com\/de\/wp-json\/wp\/v2\/pages\/28741","targetHints":{"allow":["GET"]}}],"collection":[{"href":"https:\/\/record360.com\/de\/wp-json\/wp\/v2\/pages"}],"about":[{"href":"https:\/\/record360.com\/de\/wp-json\/wp\/v2\/types\/page"}],"author":[{"embeddable":true,"href":"https:\/\/record360.com\/de\/wp-json\/wp\/v2\/users\/21"}],"replies":[{"embeddable":true,"href":"https:\/\/record360.com\/de\/wp-json\/wp\/v2\/comments?post=28741"}],"version-history":[{"count":0,"href":"https:\/\/record360.com\/de\/wp-json\/wp\/v2\/pages\/28741\/revisions"}],"wp:attachment":[{"href":"https:\/\/record360.com\/de\/wp-json\/wp\/v2\/media?parent=28741"}],"curies":[{"name":"wp","href":"https:\/\/api.w.org\/{rel}","templated":true}]}}